{"id":949,"date":"2024-04-29T12:46:06","date_gmt":"2024-04-29T12:46:06","guid":{"rendered":"https:\/\/wekeys.de\/?page_id=949"},"modified":"2026-03-05T09:44:53","modified_gmt":"2026-03-05T09:44:53","slug":"impronta","status":"publish","type":"page","link":"https:\/\/wekeys.de\/it\/impressum\/","title":{"rendered":"Imprint I Vendite immobiliari senza stress - vi accompagniamo personalmente"},"content":{"rendered":"<style>.elementor-949 .elementor-element.elementor-element-f6de6d5{padding:20px 0px 20px 0px;}.elementor-949 .elementor-element.elementor-element-b3a9a98 > .elementor-element-populated{padding:0px 0px 0px 0px;}.elementor-949 .elementor-element.elementor-element-2a84295{text-align:center;font-size:1px;color:var( --e-global-color-accent );}.elementor-949 .elementor-element.elementor-element-2a84295 > .elementor-widget-container{margin:0px 0px 0px 0px;padding:0px 0px 0px 0px;}.elementor-949 .elementor-element.elementor-element-0355100 > .elementor-container{max-width:1300px;}.elementor-949 .elementor-element.elementor-element-0355100{margin-top:0px;margin-bottom:0px;padding:0px 0px 0px 0px;}.elementor-949 .elementor-element.elementor-element-2217043 .elementor-heading-title{font-family:\"Montserrat\", Sans-serif;font-size:30px;font-weight:600;text-transform:none;color:#000000;}.elementor-949 .elementor-element.elementor-element-0cc7572{text-align:start;font-size:13px;color:#000000;}.elementor-949 .elementor-element.elementor-element-450e1be .elementor-heading-title{font-size:1px;color:#02010100;}.elementor-949 .elementor-element.elementor-element-ebe4a54 .elementor-heading-title{font-size:1px;color:#02010100;}.elementor-949 .elementor-element.elementor-element-f53fefc .elementor-heading-title{font-size:1px;color:#02010100;}.elementor-949 .elementor-element.elementor-element-6927e2c .elementor-heading-title{font-size:1px;color:#02010100;}:root{--page-title-display:none;}@media(max-width:1366px){.elementor-949 .elementor-element.elementor-element-f6de6d5{padding:100px 020px 100px 20px;}.elementor-949 .elementor-element.elementor-element-0033470 > .elementor-element-populated{padding:0px 0px 0px 0px;}.elementor-949 .elementor-element.elementor-element-2217043 .elementor-heading-title{font-size:25px;}}@media(max-width:1200px){.elementor-949 .elementor-element.elementor-element-f6de6d5{padding:10px 10px 10px 10px;}}@media(max-width:1023px){.elementor-949 .elementor-element.elementor-element-f6de6d5{padding:10px 20px 10px 20px;}.elementor-949 .elementor-element.elementor-element-0033470 > .elementor-element-populated{padding:0px 0px 0px 0px;}.elementor-949 .elementor-element.elementor-element-2217043 .elementor-heading-title{font-size:30px;}}@media(max-width:767px){.elementor-949 .elementor-element.elementor-element-f6de6d5{padding:15px 15px 15px 15px;}.elementor-949 .elementor-element.elementor-element-2217043 .elementor-heading-title{font-size:22px;}}@media(max-width:480px){.elementor-949 .elementor-element.elementor-element-2217043{text-align:start;}.elementor-949 .elementor-element.elementor-element-2217043 .elementor-heading-title{font-size:24px;}}<\/style>\t\t<div data-elementor-type=\"wp-page\" data-elementor-id=\"949\" class=\"elementor elementor-949\" data-elementor-post-type=\"page\">\n\t\t\t\t\t\t<section class=\"elementor-section elementor-top-section elementor-element elementor-element-f6de6d5 elementor-section-full_width elementor-section-height-default elementor-section-height-default\" data-id=\"f6de6d5\" data-element_type=\"section\" data-e-type=\"section\">\n\t\t\t\t\t\t<div class=\"elementor-container elementor-column-gap-default\">\n\t\t\t\t\t<div class=\"elementor-column elementor-col-100 elementor-top-column elementor-element elementor-element-b3a9a98\" data-id=\"b3a9a98\" data-element_type=\"column\" data-e-type=\"column\">\n\t\t\t<div class=\"elementor-widget-wrap elementor-element-populated\">\n\t\t\t\t\t\t<div class=\"elementor-element elementor-element-2a84295 elementor-widget elementor-widget-text-editor\" data-id=\"2a84295\" data-element_type=\"widget\" data-e-type=\"widget\" data-widget_type=\"text-editor.default\">\n\t\t\t\t<div class=\"elementor-widget-container\">\n\t\t\t\t\t\t\t\t\t<p>Imprint - Vendita di immobili in Turingia<\/p>\t\t\t\t\t\t\t\t<\/div>\n\t\t\t\t<\/div>\n\t\t\t\t<section class=\"elementor-section elementor-inner-section elementor-element elementor-element-0355100 elementor-section-boxed elementor-section-height-default elementor-section-height-default\" data-id=\"0355100\" data-element_type=\"section\" data-e-type=\"section\">\n\t\t\t\t\t\t<div class=\"elementor-container elementor-column-gap-default\">\n\t\t\t\t\t<div class=\"elementor-column elementor-col-100 elementor-inner-column elementor-element elementor-element-0033470\" data-id=\"0033470\" data-element_type=\"column\" data-e-type=\"column\">\n\t\t\t<div class=\"elementor-widget-wrap elementor-element-populated\">\n\t\t\t\t\t\t<div class=\"elementor-element elementor-element-2217043 elementor-invisible elementor-widget elementor-widget-heading\" data-id=\"2217043\" data-element_type=\"widget\" data-e-type=\"widget\" data-settings=\"{&quot;_animation&quot;:&quot;fadeInUp&quot;,&quot;_animation_delay&quot;:300}\" data-widget_type=\"heading.default\">\n\t\t\t\t<div class=\"elementor-widget-container\">\n\t\t\t\t\t<h2 class=\"elementor-heading-title elementor-size-default\">Impronta<\/h2>\t\t\t\t<\/div>\n\t\t\t\t<\/div>\n\t\t\t\t<div class=\"elementor-element elementor-element-0cc7572 elementor-widget elementor-widget-text-editor\" data-id=\"0cc7572\" data-element_type=\"widget\" data-e-type=\"widget\" data-widget_type=\"text-editor.default\">\n\t\t\t\t<div class=\"elementor-widget-container\">\n\t\t\t\t\t\t\t\t\t<p><strong>Impronta:<\/strong><br \/>Informazioni ai sensi del \u00a7 5 TMG<\/p><p><strong><a href=\"https:\/\/wekeys.de\/it\/\">CIOCCOLATO<\/a> IMMOBILIARE<\/strong><br \/>Proprietario: Alexandra Bergner<br \/>Schillerstrasse 9<br \/>99625 K\u00f6lleda<\/p><p><strong>rappresentato da:<\/strong><br \/>Alexandra Bergner<\/p><p><strong>Contatto:<\/strong><br \/>Telefono: 0361 - 34 94 790<br \/>Fax: 0361 - 34 94 79 79<br \/>E-mail: info@wekeys.de<\/p><p><strong>Numero di identificazione dell'imposta sulle vendite ai sensi del \u00a7 27 a della legge sull'imposta sulle vendite:<\/strong><br \/>PARTITA IVA: DE 300 609 587<\/p><p><strong>Autorit\u00e0 di vigilanza:<\/strong><br \/>Ufficio distrettuale di S\u00f6mmerda, Ufficio commercio<\/p><p><strong>Altro:<\/strong><br \/>Tutti i broker che lavorano per noi sono in possesso di una licenza commerciale ai sensi del \u00a7 34c GewO<\/p><p><strong>responsabile dei contenuti ai sensi del \u00a7 55 ABS. 2 RSTV:<\/strong><br \/>Alexandra Bergner<br \/>Schillerstrasse 9<br \/>99625 K\u00f6lleda<\/p><p><strong>Risoluzione delle controversie<\/strong><br \/>La Commissione europea mette a disposizione una piattaforma per la risoluzione delle controversie online (OS): https:\/\/ec.europa.eu\/consumers\/odr. Il nostro indirizzo e-mail \u00e8 riportato nell'avviso legale di cui sopra. Non siamo disposti o obbligati a partecipare a procedure di risoluzione delle controversie davanti a un collegio arbitrale dei consumatori.<\/p><p><strong>Responsabilit\u00e0 per i contenuti<\/strong><br \/>In qualit\u00e0 di fornitore di servizi, siamo responsabili dei nostri contenuti su queste pagine ai sensi dell'art. 7 (1) TMG (legge tedesca sui media telematici) e della legislazione generale. Ai sensi dei \u00a7\u00a7 8-10 TMG, tuttavia, in qualit\u00e0 di fornitore di servizi non siamo obbligati a monitorare le informazioni trasmesse o memorizzate da terzi o a indagare su circostanze che indicano un'attivit\u00e0 illegale. L'obbligo di rimuovere o bloccare l'uso delle informazioni in conformit\u00e0 alla legislazione generale rimane inalterato. Tuttavia, la responsabilit\u00e0 in questo senso \u00e8 possibile solo a partire dal momento in cui si viene a conoscenza di una specifica violazione. Non appena verremo a conoscenza di tali violazioni, provvederemo a rimuovere immediatamente tali contenuti.<\/p><p><strong>Responsabilit\u00e0 per i link<\/strong><br \/>Il nostro sito web contiene link a siti esterni di terzi sui cui contenuti non abbiamo alcuna influenza. Pertanto, non ci assumiamo alcuna responsabilit\u00e0 per questi contenuti di terzi. Il rispettivo fornitore o gestore delle pagine \u00e8 sempre responsabile del contenuto delle pagine collegate. Le pagine collegate sono state controllate per verificare eventuali violazioni di legge al momento del collegamento. I contenuti illegali non erano riconoscibili al momento del collegamento. Tuttavia, un controllo permanente dei contenuti delle pagine collegate non \u00e8 ragionevole senza prove concrete di una violazione. Nel caso in cui venissimo a conoscenza di eventuali violazioni di legge, provvederemo a rimuovere immediatamente tali link.<\/p><p><strong>Copyright<\/strong><br \/>I contenuti e le opere create dagli operatori del sito su queste pagine sono soggetti alla legge tedesca sul diritto d'autore. La duplicazione, l'elaborazione, la distribuzione e qualsiasi tipo di utilizzo al di fuori dei limiti della legge sul copyright richiedono il consenso scritto del rispettivo autore o creatore. Download e copie di questo sito sono consentiti solo per uso privato e non commerciale. Nella misura in cui i contenuti di questo sito non sono stati creati dall'operatore, vengono rispettati i diritti d'autore di terzi. In particolare, i contenuti di terzi sono contrassegnati come tali. Se tuttavia doveste venire a conoscenza di una violazione del copyright, siete pregati di informarci. Qualora venissimo a conoscenza di violazioni, provvederemo a rimuovere immediatamente tali contenuti.<\/p><p><strong>Fonti delle immagini e dei grafici utilizzati:<\/strong><br \/><a href=\"https:\/\/elements.envato.com\/\">https:\/\/elements.envato.com\/<\/a><\/p>\t\t\t\t\t\t\t\t<\/div>\n\t\t\t\t<\/div>\n\t\t\t\t\t<\/div>\n\t\t<\/div>\n\t\t\t\t\t<\/div>\n\t\t<\/section>\n\t\t\t\t\t<\/div>\n\t\t<\/div>\n\t\t\t\t\t<\/div>\n\t\t<\/section>\n\t\t\t\t<section class=\"elementor-section elementor-top-section elementor-element elementor-element-0d1f55c elementor-section-boxed elementor-section-height-default elementor-section-height-default\" data-id=\"0d1f55c\" data-element_type=\"section\" data-e-type=\"section\">\n\t\t\t\t\t\t<div class=\"elementor-container elementor-column-gap-default\">\n\t\t\t\t\t<div class=\"elementor-column elementor-col-100 elementor-top-column elementor-element elementor-element-a1cf021\" data-id=\"a1cf021\" data-element_type=\"column\" data-e-type=\"column\">\n\t\t\t<div class=\"elementor-widget-wrap elementor-element-populated\">\n\t\t\t\t\t\t<section class=\"elementor-section elementor-inner-section elementor-element elementor-element-be0e842 elementor-section-boxed elementor-section-height-default elementor-section-height-default\" data-id=\"be0e842\" data-element_type=\"section\" data-e-type=\"section\">\n\t\t\t\t\t\t<div class=\"elementor-container elementor-column-gap-default\">\n\t\t\t\t\t<div class=\"elementor-column elementor-col-50 elementor-inner-column elementor-element elementor-element-0b3d662\" data-id=\"0b3d662\" data-element_type=\"column\" data-e-type=\"column\">\n\t\t\t<div class=\"elementor-widget-wrap elementor-element-populated\">\n\t\t\t\t\t\t<div class=\"elementor-element elementor-element-450e1be elementor-widget elementor-widget-heading\" data-id=\"450e1be\" data-element_type=\"widget\" data-e-type=\"widget\" data-widget_type=\"heading.default\">\n\t\t\t\t<div class=\"elementor-widget-container\">\n\t\t\t\t\t<h1 class=\"elementor-heading-title elementor-size-default\">Imprint - Agente immobiliare<\/h1>\t\t\t\t<\/div>\n\t\t\t\t<\/div>\n\t\t\t\t<div class=\"elementor-element elementor-element-ebe4a54 elementor-widget elementor-widget-heading\" data-id=\"ebe4a54\" data-element_type=\"widget\" data-e-type=\"widget\" data-widget_type=\"heading.default\">\n\t\t\t\t<div class=\"elementor-widget-container\">\n\t\t\t\t\t<h2 class=\"elementor-heading-title elementor-size-default\">Societ\u00e0 immobiliare, vendite immobiliari in Turingia, imprinting, affitto di immobili, acquisto di case, Turingia, Sassonia, Sassonia-Anhalt, Erfurt, agente immobiliare, S\u00f6mmerda, K\u00f6lleda, vendita di case, affitto di appartamenti, locazione, gestione di immobili, intermediazione immobiliare, Weimar, Jena, Nordhausen, Sondershausen, Eisenach, Schleiz, Saale-Orla-Kreis, Saalfeld, Saalfeld-Rudolstadt, Meiningen, Schmalkalden-Meiningen, Altenburg, Altenburger Land, Eichsfeld, Heiligenstadt, Gera, Gotha, Greiz, Hildburghausen, Arnstadt, Ilm-Kreis, Jena, Sondershausen, Kyffh\u00e4userkreis, Nordhausen, Eisenberg, Saale-Holzland-Kreis, Sonneberg, Suhl, Oberhof, Unstrut-Hainich-Kreis, Wartburgkreis, Bad Salzungen, Weimarer Land, Apolda, Wei\u00dfensee, Bad Langensalza, M\u00fchlhausen, Sangerhausen, Bleicherode, Worbis, Querfurt, Lipsia, Dresda, Zittau, Arnstadt, vendita, locazione, gestione, agenzie immobiliari<\/h2>\t\t\t\t<\/div>\n\t\t\t\t<\/div>\n\t\t\t\t\t<\/div>\n\t\t<\/div>\n\t\t\t\t<div class=\"elementor-column elementor-col-50 elementor-inner-column elementor-element elementor-element-fda758a\" data-id=\"fda758a\" data-element_type=\"column\" data-e-type=\"column\">\n\t\t\t<div class=\"elementor-widget-wrap elementor-element-populated\">\n\t\t\t\t\t\t<div class=\"elementor-element elementor-element-f53fefc elementor-widget elementor-widget-heading\" data-id=\"f53fefc\" data-element_type=\"widget\" data-e-type=\"widget\" data-widget_type=\"heading.default\">\n\t\t\t\t<div class=\"elementor-widget-container\">\n\t\t\t\t\t<h3 class=\"elementor-heading-title elementor-size-default\">Societ\u00e0 immobiliare, vendite immobiliari in Turingia, imprinting, affitto di immobili, acquisto di case, Turingia, Sassonia, Sassonia-Anhalt, Erfurt, agente immobiliare, S\u00f6mmerda, K\u00f6lleda, vendita di case, affitto di appartamenti, locazione, gestione di immobili, intermediazione immobiliare, Weimar, Jena, Nordhausen, Sondershausen, Eisenach, Schleiz, Saale-Orla-Kreis, Saalfeld, Saalfeld-Rudolstadt, Meiningen, Schmalkalden-Meiningen, Altenburg, Altenburger Land, Eichsfeld, Heiligenstadt, Gera, Gotha, Greiz, Hildburghausen, Arnstadt, Ilm-Kreis, Jena, Sondershausen, Kyffh\u00e4userkreis, Nordhausen, Eisenberg, Saale-Holzland-Kreis, Sonneberg, Suhl, Oberhof, Unstrut-Hainich-Kreis, Wartburgkreis, Bad Salzungen, Weimarer Land, Apolda, Wei\u00dfensee, Bad Langensalza, M\u00fchlhausen, Sangerhausen, Bleicherode, Worbis, Querfurt, Lipsia, Dresda, Zittau, Arnstadt, vendita, locazione, gestione, agenzie immobiliari<\/h3>\t\t\t\t<\/div>\n\t\t\t\t<\/div>\n\t\t\t\t<div class=\"elementor-element elementor-element-6927e2c elementor-widget elementor-widget-heading\" data-id=\"6927e2c\" data-element_type=\"widget\" data-e-type=\"widget\" data-widget_type=\"heading.default\">\n\t\t\t\t<div class=\"elementor-widget-container\">\n\t\t\t\t\t<h4 class=\"elementor-heading-title elementor-size-default\">Societ\u00e0 immobiliare, vendite immobiliari in Turingia, imprinting, affitto di immobili, acquisto di case, Turingia, Sassonia, Sassonia-Anhalt, Erfurt, agente immobiliare, S\u00f6mmerda, K\u00f6lleda, vendita di case, affitto di appartamenti, locazione, gestione di immobili, intermediazione immobiliare, Weimar, Jena, Nordhausen, Sondershausen, Eisenach, Schleiz, Saale-Orla-Kreis, Saalfeld, Saalfeld-Rudolstadt, Meiningen, Schmalkalden-Meiningen, Altenburg, Altenburger Land, Eichsfeld, Heiligenstadt, Gera, Gotha, Greiz, Hildburghausen, Arnstadt, Ilm-Kreis, Jena, Sondershausen, Kyffh\u00e4userkreis, Nordhausen, Eisenberg, Saale-Holzland-Kreis, Sonneberg, Suhl, Oberhof, Unstrut-Hainich-Kreis, Wartburgkreis, Bad Salzungen, Weimarer Land, Apolda, Wei\u00dfensee, Bad Langensalza, M\u00fchlhausen, Sangerhausen, Bleicherode, Worbis, Querfurt, Lipsia, Dresda, Zittau, Arnstadt, vendita, locazione, gestione, agenzie immobiliari<\/h4>\t\t\t\t<\/div>\n\t\t\t\t<\/div>\n\t\t\t\t\t<\/div>\n\t\t<\/div>\n\t\t\t\t\t<\/div>\n\t\t<\/section>\n\t\t\t\t\t<\/div>\n\t\t<\/div>\n\t\t\t\t\t<\/div>\n\t\t<\/section>\n\t\t\t\t<\/div>","protected":false},"excerpt":{"rendered":"<p>Impressum &#8211; Immobilienverkauf in Th\u00fcringen Impressum Impressum:Angaben gem\u00e4\u00df \u00a7 5 TMG WEKEYS IMMOBILIENInh.: Alexandra BergnerSchillerstra\u00dfe 999625 K\u00f6lleda vertreten durch:Alexandra Bergner [&hellip;]<\/p>\n","protected":false},"author":1,"featured_media":3894,"parent":0,"menu_order":0,"comment_status":"closed","ping_status":"closed","template":"","meta":{"_uf_show_specific_survey":0,"_uf_disable_surveys":false,"site-sidebar-layout":"no-sidebar","site-content-layout":"","ast-site-content-layout":"full-width-container","site-content-style":"default","site-sidebar-style":"default","ast-global-header-display":"","ast-banner-title-visibility":"","ast-main-header-display":"","ast-hfb-above-header-display":"","ast-hfb-below-header-display":"","ast-hfb-mobile-header-display":"","site-post-title":"disabled","ast-breadcrumbs-content":"","ast-featured-img":"disabled","footer-sml-layout":"","ast-disable-related-posts":"","theme-transparent-header-meta":"","adv-header-id-meta":"","stick-header-meta":"","header-above-stick-meta":"","header-main-stick-meta":"","header-below-stick-meta":"","astra-migrate-meta-layouts":"default","ast-page-background-enabled":"default","ast-page-background-meta":{"desktop":{"background-color":"var(--ast-global-color-4)","background-image":"","background-repeat":"repeat","background-position":"center center","background-size":"auto","background-attachment":"scroll","background-type":"","background-media":"","overlay-type":"","overlay-color":"","overlay-opacity":"","overlay-gradient":""},"tablet":{"background-color":"","background-image":"","background-repeat":"repeat","background-position":"center center","background-size":"auto","background-attachment":"scroll","background-type":"","background-media":"","overlay-type":"","overlay-color":"","overlay-opacity":"","overlay-gradient":""},"mobile":{"background-color":"","background-image":"","background-repeat":"repeat","background-position":"center center","background-size":"auto","background-attachment":"scroll","background-type":"","background-media":"","overlay-type":"","overlay-color":"","overlay-opacity":"","overlay-gradient":""}},"ast-content-background-meta":{"desktop":{"background-color":"var(--ast-global-color-5)","background-image":"","background-repeat":"repeat","background-position":"center center","background-size":"auto","background-attachment":"scroll","background-type":"","background-media":"","overlay-type":"","overlay-color":"","overlay-opacity":"","overlay-gradient":""},"tablet":{"background-color":"var(--ast-global-color-5)","background-image":"","background-repeat":"repeat","background-position":"center center","background-size":"auto","background-attachment":"scroll","background-type":"","background-media":"","overlay-type":"","overlay-color":"","overlay-opacity":"","overlay-gradient":""},"mobile":{"background-color":"var(--ast-global-color-5)","background-image":"","background-repeat":"repeat","background-position":"center center","background-size":"auto","background-attachment":"scroll","background-type":"","background-media":"","overlay-type":"","overlay-color":"","overlay-opacity":"","overlay-gradient":""}},"footnotes":""},"class_list":["post-949","page","type-page","status-publish","has-post-thumbnail","hentry"],"aioseo_notices":[],"_links":{"self":[{"href":"https:\/\/wekeys.de\/it\/wp-json\/wp\/v2\/pages\/949","targetHints":{"allow":["GET"]}}],"collection":[{"href":"https:\/\/wekeys.de\/it\/wp-json\/wp\/v2\/pages"}],"about":[{"href":"https:\/\/wekeys.de\/it\/wp-json\/wp\/v2\/types\/page"}],"author":[{"embeddable":true,"href":"https:\/\/wekeys.de\/it\/wp-json\/wp\/v2\/users\/1"}],"replies":[{"embeddable":true,"href":"https:\/\/wekeys.de\/it\/wp-json\/wp\/v2\/comments?post=949"}],"version-history":[{"count":24,"href":"https:\/\/wekeys.de\/it\/wp-json\/wp\/v2\/pages\/949\/revisions"}],"predecessor-version":[{"id":7686,"href":"https:\/\/wekeys.de\/it\/wp-json\/wp\/v2\/pages\/949\/revisions\/7686"}],"wp:featuredmedia":[{"embeddable":true,"href":"https:\/\/wekeys.de\/it\/wp-json\/wp\/v2\/media\/3894"}],"wp:attachment":[{"href":"https:\/\/wekeys.de\/it\/wp-json\/wp\/v2\/media?parent=949"}],"curies":[{"name":"wp","href":"https:\/\/api.w.org\/{rel}","templated":true}]}}