{"id":949,"date":"2024-04-29T12:46:06","date_gmt":"2024-04-29T12:46:06","guid":{"rendered":"https:\/\/wekeys.de\/?page_id=949"},"modified":"2026-03-05T09:44:53","modified_gmt":"2026-03-05T09:44:53","slug":"mentions-legales","status":"publish","type":"page","link":"https:\/\/wekeys.de\/fr\/impressum\/","title":{"rendered":"Mentions l\u00e9gales I Vente immobili\u00e8re sans stress - nous vous accompagnons personnellement"},"content":{"rendered":"<style>.elementor-949 .elementor-element.elementor-element-f6de6d5{padding:20px 0px 20px 0px;}.elementor-949 .elementor-element.elementor-element-b3a9a98 > .elementor-element-populated{padding:0px 0px 0px 0px;}.elementor-949 .elementor-element.elementor-element-2a84295{text-align:center;font-size:1px;color:var( --e-global-color-accent );}.elementor-949 .elementor-element.elementor-element-2a84295 > .elementor-widget-container{margin:0px 0px 0px 0px;padding:0px 0px 0px 0px;}.elementor-949 .elementor-element.elementor-element-0355100 > .elementor-container{max-width:1300px;}.elementor-949 .elementor-element.elementor-element-0355100{margin-top:0px;margin-bottom:0px;padding:0px 0px 0px 0px;}.elementor-949 .elementor-element.elementor-element-2217043 .elementor-heading-title{font-family:\"Montserrat\", Sans-serif;font-size:30px;font-weight:600;text-transform:none;color:#000000;}.elementor-949 .elementor-element.elementor-element-0cc7572{text-align:start;font-size:13px;color:#000000;}.elementor-949 .elementor-element.elementor-element-450e1be .elementor-heading-title{font-size:1px;color:#02010100;}.elementor-949 .elementor-element.elementor-element-ebe4a54 .elementor-heading-title{font-size:1px;color:#02010100;}.elementor-949 .elementor-element.elementor-element-f53fefc .elementor-heading-title{font-size:1px;color:#02010100;}.elementor-949 .elementor-element.elementor-element-6927e2c .elementor-heading-title{font-size:1px;color:#02010100;}:root{--page-title-display:none;}@media(max-width:1366px){.elementor-949 .elementor-element.elementor-element-f6de6d5{padding:100px 020px 100px 20px;}.elementor-949 .elementor-element.elementor-element-0033470 > .elementor-element-populated{padding:0px 0px 0px 0px;}.elementor-949 .elementor-element.elementor-element-2217043 .elementor-heading-title{font-size:25px;}}@media(max-width:1200px){.elementor-949 .elementor-element.elementor-element-f6de6d5{padding:10px 10px 10px 10px;}}@media(max-width:1023px){.elementor-949 .elementor-element.elementor-element-f6de6d5{padding:10px 20px 10px 20px;}.elementor-949 .elementor-element.elementor-element-0033470 > .elementor-element-populated{padding:0px 0px 0px 0px;}.elementor-949 .elementor-element.elementor-element-2217043 .elementor-heading-title{font-size:30px;}}@media(max-width:767px){.elementor-949 .elementor-element.elementor-element-f6de6d5{padding:15px 15px 15px 15px;}.elementor-949 .elementor-element.elementor-element-2217043 .elementor-heading-title{font-size:22px;}}@media(max-width:480px){.elementor-949 .elementor-element.elementor-element-2217043{text-align:start;}.elementor-949 .elementor-element.elementor-element-2217043 .elementor-heading-title{font-size:24px;}}<\/style>\t\t<div data-elementor-type=\"wp-page\" data-elementor-id=\"949\" class=\"elementor elementor-949\" data-elementor-post-type=\"page\">\n\t\t\t\t\t\t<section class=\"elementor-section elementor-top-section elementor-element elementor-element-f6de6d5 elementor-section-full_width elementor-section-height-default elementor-section-height-default\" data-id=\"f6de6d5\" data-element_type=\"section\" data-e-type=\"section\">\n\t\t\t\t\t\t<div class=\"elementor-container elementor-column-gap-default\">\n\t\t\t\t\t<div class=\"elementor-column elementor-col-100 elementor-top-column elementor-element elementor-element-b3a9a98\" data-id=\"b3a9a98\" data-element_type=\"column\" data-e-type=\"column\">\n\t\t\t<div class=\"elementor-widget-wrap elementor-element-populated\">\n\t\t\t\t\t\t<div class=\"elementor-element elementor-element-2a84295 elementor-widget elementor-widget-text-editor\" data-id=\"2a84295\" data-element_type=\"widget\" data-e-type=\"widget\" data-widget_type=\"text-editor.default\">\n\t\t\t\t<div class=\"elementor-widget-container\">\n\t\t\t\t\t\t\t\t\t<p>Mentions l\u00e9gales - Vente de biens immobiliers en Thuringe<\/p>\t\t\t\t\t\t\t\t<\/div>\n\t\t\t\t<\/div>\n\t\t\t\t<section class=\"elementor-section elementor-inner-section elementor-element elementor-element-0355100 elementor-section-boxed elementor-section-height-default elementor-section-height-default\" data-id=\"0355100\" data-element_type=\"section\" data-e-type=\"section\">\n\t\t\t\t\t\t<div class=\"elementor-container elementor-column-gap-default\">\n\t\t\t\t\t<div class=\"elementor-column elementor-col-100 elementor-inner-column elementor-element elementor-element-0033470\" data-id=\"0033470\" data-element_type=\"column\" data-e-type=\"column\">\n\t\t\t<div class=\"elementor-widget-wrap elementor-element-populated\">\n\t\t\t\t\t\t<div class=\"elementor-element elementor-element-2217043 elementor-invisible elementor-widget elementor-widget-heading\" data-id=\"2217043\" data-element_type=\"widget\" data-e-type=\"widget\" data-settings=\"{&quot;_animation&quot;:&quot;fadeInUp&quot;,&quot;_animation_delay&quot;:300}\" data-widget_type=\"heading.default\">\n\t\t\t\t<div class=\"elementor-widget-container\">\n\t\t\t\t\t<h2 class=\"elementor-heading-title elementor-size-default\">Mentions l\u00e9gales<\/h2>\t\t\t\t<\/div>\n\t\t\t\t<\/div>\n\t\t\t\t<div class=\"elementor-element elementor-element-0cc7572 elementor-widget elementor-widget-text-editor\" data-id=\"0cc7572\" data-element_type=\"widget\" data-e-type=\"widget\" data-widget_type=\"text-editor.default\">\n\t\t\t\t<div class=\"elementor-widget-container\">\n\t\t\t\t\t\t\t\t\t<p><strong>Mentions l\u00e9gales :<\/strong><br \/>Informations selon \u00a7 5 TMG<\/p><p><strong><a href=\"https:\/\/wekeys.de\/fr\/\">WEKEYS<\/a> IMMOBILIER<\/strong><br \/>Propri\u00e9taire : Alexandra Bergner<br \/>9, rue Schiller<br \/>99625 K\u00f6lleda<\/p><p><strong>repr\u00e9sent\u00e9e par :<\/strong><br \/>Alexandra Bergner<\/p><p><strong>Contact :<\/strong><br \/>T\u00e9l. : 0361 - 34 94 790<br \/>T\u00e9l\u00e9copieur : 0361 - 34 94 79 79<br \/>Courrier \u00e9lectronique : info@wekeys.de<\/p><p><strong>Num\u00e9ro d'identification de la taxe sur le chiffre d'affaires conform\u00e9ment au \u00a7 27 a de la loi sur la taxe sur le chiffre d'affaires :<\/strong><br \/>Num\u00e9ro de TVA : DE 300 609 587<\/p><p><strong>Autorit\u00e9 de surveillance :<\/strong><br \/>Bureau du district de S\u00f6mmerda, bureau des m\u00e9tiers<\/p><p><strong>Autre<\/strong><br \/>Tous les courtiers travaillant pour nous poss\u00e8dent une autorisation d'exercer conform\u00e9ment au \u00a7 34c GewO (code de la profession)<\/p><p><strong>responsable du contenu selon \u00a7 55 ABS. 2 RSTV :<\/strong><br \/>Alexandra Bergner<br \/>9, rue Schiller<br \/>99625 K\u00f6lleda<\/p><p><strong>R\u00e8glement des litiges<\/strong><br \/>La Commission europ\u00e9enne met \u00e0 disposition une plateforme de r\u00e8glement en ligne des litiges (RLL) : https:\/\/ec.europa.eu\/consumers\/odr. Vous trouverez notre adresse e-mail en haut des mentions l\u00e9gales. Nous ne sommes pas pr\u00eats ou oblig\u00e9s de participer \u00e0 des proc\u00e9dures de r\u00e8glement des litiges devant un organisme de conciliation des consommateurs.<\/p><p><strong>Responsabilit\u00e9 du contenu<\/strong><br \/>En tant que prestataire de services, nous sommes responsables, conform\u00e9ment au \u00a7 7 alin\u00e9a 1 de la loi allemande sur les t\u00e9l\u00e9m\u00e9dias (TMG), de nos propres contenus sur ces pages selon les lois g\u00e9n\u00e9rales. Selon les \u00a7\u00a7 8 \u00e0 10 de la TMG, nous ne sommes toutefois pas tenus, en tant que prestataire de services, de surveiller les informations externes transmises ou enregistr\u00e9es ou de rechercher les circonstances qui indiquent une activit\u00e9 ill\u00e9gale. Les obligations de supprimer ou de bloquer l'utilisation d'informations conform\u00e9ment aux lois g\u00e9n\u00e9rales ne sont pas affect\u00e9es par cette disposition. Une responsabilit\u00e9 \u00e0 cet \u00e9gard n'est toutefois possible qu'\u00e0 partir du moment o\u00f9 une violation concr\u00e8te de la loi est connue. D\u00e8s la prise de connaissance d'une telle violation, nous supprimerons imm\u00e9diatement les contenus concern\u00e9s.<\/p><p><strong>Responsabilit\u00e9 pour les liens<\/strong><br \/>Notre offre contient des liens vers des sites web externes de tiers, sur le contenu desquels nous n'avons aucune influence. C'est pourquoi nous ne pouvons pas non plus nous porter garants de ces contenus externes. Le fournisseur ou l'exploitant des pages li\u00e9es est toujours responsable des contenus de ces pages. Les pages li\u00e9es ont \u00e9t\u00e9 contr\u00f4l\u00e9es au moment de la cr\u00e9ation du lien afin de v\u00e9rifier qu'elles ne pr\u00e9sentaient pas d'infraction \u00e0 la loi. Aucun contenu ill\u00e9gal n'a \u00e9t\u00e9 identifi\u00e9 au moment de la cr\u00e9ation du lien. Un contr\u00f4le permanent du contenu des pages li\u00e9es n'est toutefois pas exigible sans indices concrets d'une violation de la loi. D\u00e8s que nous aurons connaissance d'une violation de la loi, nous supprimerons imm\u00e9diatement les liens concern\u00e9s.<\/p><p><strong>Droit d'auteur<\/strong><br \/>Les contenus et les \u0153uvres cr\u00e9\u00e9s par les exploitants de ces pages sont soumis au droit d'auteur allemand. La reproduction, le traitement, la diffusion et toute forme d'exploitation en dehors des limites du droit d'auteur requi\u00e8rent l'accord \u00e9crit de l'auteur ou du cr\u00e9ateur concern\u00e9. Les t\u00e9l\u00e9chargements et les copies de ce site ne sont autoris\u00e9s que pour un usage priv\u00e9 et non commercial. Dans la mesure o\u00f9 les contenus de ce site n'ont pas \u00e9t\u00e9 cr\u00e9\u00e9s par l'exploitant, les droits d'auteur de tiers sont respect\u00e9s. Les contenus de tiers sont notamment identifi\u00e9s comme tels. Si vous deviez n\u00e9anmoins constater une violation des droits d'auteur, nous vous prions de nous en informer. D\u00e8s la prise de connaissance d'une violation de la loi, nous supprimerons imm\u00e9diatement les contenus concern\u00e9s.<\/p><p><strong>Indication des sources des images et graphiques utilis\u00e9s :<\/strong><br \/><a href=\"https:\/\/elements.envato.com\/\">https:\/\/elements.envato.com\/<\/a><\/p>\t\t\t\t\t\t\t\t<\/div>\n\t\t\t\t<\/div>\n\t\t\t\t\t<\/div>\n\t\t<\/div>\n\t\t\t\t\t<\/div>\n\t\t<\/section>\n\t\t\t\t\t<\/div>\n\t\t<\/div>\n\t\t\t\t\t<\/div>\n\t\t<\/section>\n\t\t\t\t<section class=\"elementor-section elementor-top-section elementor-element elementor-element-0d1f55c elementor-section-boxed elementor-section-height-default elementor-section-height-default\" data-id=\"0d1f55c\" data-element_type=\"section\" data-e-type=\"section\">\n\t\t\t\t\t\t<div class=\"elementor-container elementor-column-gap-default\">\n\t\t\t\t\t<div class=\"elementor-column elementor-col-100 elementor-top-column elementor-element elementor-element-a1cf021\" data-id=\"a1cf021\" data-element_type=\"column\" data-e-type=\"column\">\n\t\t\t<div class=\"elementor-widget-wrap elementor-element-populated\">\n\t\t\t\t\t\t<section class=\"elementor-section elementor-inner-section elementor-element elementor-element-be0e842 elementor-section-boxed elementor-section-height-default elementor-section-height-default\" data-id=\"be0e842\" data-element_type=\"section\" data-e-type=\"section\">\n\t\t\t\t\t\t<div class=\"elementor-container elementor-column-gap-default\">\n\t\t\t\t\t<div class=\"elementor-column elementor-col-50 elementor-inner-column elementor-element elementor-element-0b3d662\" data-id=\"0b3d662\" data-element_type=\"column\" data-e-type=\"column\">\n\t\t\t<div class=\"elementor-widget-wrap elementor-element-populated\">\n\t\t\t\t\t\t<div class=\"elementor-element elementor-element-450e1be elementor-widget elementor-widget-heading\" data-id=\"450e1be\" data-element_type=\"widget\" data-e-type=\"widget\" data-widget_type=\"heading.default\">\n\t\t\t\t<div class=\"elementor-widget-container\">\n\t\t\t\t\t<h1 class=\"elementor-heading-title elementor-size-default\">Mentions l\u00e9gales - Agent immobilier<\/h1>\t\t\t\t<\/div>\n\t\t\t\t<\/div>\n\t\t\t\t<div class=\"elementor-element elementor-element-ebe4a54 elementor-widget elementor-widget-heading\" data-id=\"ebe4a54\" data-element_type=\"widget\" data-e-type=\"widget\" data-widget_type=\"heading.default\">\n\t\t\t\t<div class=\"elementor-widget-container\">\n\t\t\t\t\t<h2 class=\"elementor-heading-title elementor-size-default\">Entreprise immobili\u00e8re, vente immobili\u00e8re en Thuringe, Mentions l\u00e9gales, location immobili\u00e8re, achat de maison, Thuringe, Saxe, Saxe-Anhalt, Erfurt, agent immobilier, S\u00f6mmerda, K\u00f6lleda, vente de maison, location d'appartement, location, gestion immobili\u00e8re, agence immobili\u00e8re, Weimar, I\u00e9na, Nordhausen, Sondershausen, Eisenach, Schleiz, arrondissement de Saale-Orla, Saalfeld, Saalfeld-Rudolstadt, Meiningen, Schmalkalden-Meiningen, Altenburg, Altenburger Land, Eichsfeld, Heiligenstadt, Gera, Gotha, Greiz, Hildburghausen, Arnstadt, Ilm-Kreis, I\u00e9na, Sondershausen, Kyffh\u00e4userkreis, Nordhausen, Eisenberg, Saale-Holzland-Kreis, Sonneberg, Suhl, Oberhof, Unstrut-Hainich-Kreis, Wartburgkreis, Bad Salzungen, Weimarer Land, Apolda, Wei\u00dfensee, Bad Langensalza, M\u00fchlhausen, Sangerhausen, Bleicherode, Worbis, Querfurt, Leipzig, Dresde, Zittau, Arnstadt, Vente, Location, Administration, Courtier<\/h2>\t\t\t\t<\/div>\n\t\t\t\t<\/div>\n\t\t\t\t\t<\/div>\n\t\t<\/div>\n\t\t\t\t<div class=\"elementor-column elementor-col-50 elementor-inner-column elementor-element elementor-element-fda758a\" data-id=\"fda758a\" data-element_type=\"column\" data-e-type=\"column\">\n\t\t\t<div class=\"elementor-widget-wrap elementor-element-populated\">\n\t\t\t\t\t\t<div class=\"elementor-element elementor-element-f53fefc elementor-widget elementor-widget-heading\" data-id=\"f53fefc\" data-element_type=\"widget\" data-e-type=\"widget\" data-widget_type=\"heading.default\">\n\t\t\t\t<div class=\"elementor-widget-container\">\n\t\t\t\t\t<h3 class=\"elementor-heading-title elementor-size-default\">Entreprise immobili\u00e8re, vente immobili\u00e8re en Thuringe, Mentions l\u00e9gales, location immobili\u00e8re, achat de maison, Thuringe, Saxe, Saxe-Anhalt, Erfurt, agent immobilier, S\u00f6mmerda, K\u00f6lleda, vente de maison, location d'appartement, location, gestion immobili\u00e8re, agence immobili\u00e8re, Weimar, I\u00e9na, Nordhausen, Sondershausen, Eisenach, Schleiz, arrondissement de Saale-Orla, Saalfeld, Saalfeld-Rudolstadt, Meiningen, Schmalkalden-Meiningen, Altenburg, Altenburger Land, Eichsfeld, Heiligenstadt, Gera, Gotha, Greiz, Hildburghausen, Arnstadt, Ilm-Kreis, I\u00e9na, Sondershausen, Kyffh\u00e4userkreis, Nordhausen, Eisenberg, Saale-Holzland-Kreis, Sonneberg, Suhl, Oberhof, Unstrut-Hainich-Kreis, Wartburgkreis, Bad Salzungen, Weimarer Land, Apolda, Wei\u00dfensee, Bad Langensalza, M\u00fchlhausen, Sangerhausen, Bleicherode, Worbis, Querfurt, Leipzig, Dresde, Zittau, Arnstadt, Vente, Location, Administration, Courtier<\/h3>\t\t\t\t<\/div>\n\t\t\t\t<\/div>\n\t\t\t\t<div class=\"elementor-element elementor-element-6927e2c elementor-widget elementor-widget-heading\" data-id=\"6927e2c\" data-element_type=\"widget\" data-e-type=\"widget\" data-widget_type=\"heading.default\">\n\t\t\t\t<div class=\"elementor-widget-container\">\n\t\t\t\t\t<h4 class=\"elementor-heading-title elementor-size-default\">Entreprise immobili\u00e8re, vente immobili\u00e8re en Thuringe, Mentions l\u00e9gales, location immobili\u00e8re, achat de maison, Thuringe, Saxe, Saxe-Anhalt, Erfurt, agent immobilier, S\u00f6mmerda, K\u00f6lleda, vente de maison, location d'appartement, location, gestion immobili\u00e8re, agence immobili\u00e8re, Weimar, I\u00e9na, Nordhausen, Sondershausen, Eisenach, Schleiz, arrondissement de Saale-Orla, Saalfeld, Saalfeld-Rudolstadt, Meiningen, Schmalkalden-Meiningen, Altenburg, Altenburger Land, Eichsfeld, Heiligenstadt, Gera, Gotha, Greiz, Hildburghausen, Arnstadt, Ilm-Kreis, I\u00e9na, Sondershausen, Kyffh\u00e4userkreis, Nordhausen, Eisenberg, Saale-Holzland-Kreis, Sonneberg, Suhl, Oberhof, Unstrut-Hainich-Kreis, Wartburgkreis, Bad Salzungen, Weimarer Land, Apolda, Wei\u00dfensee, Bad Langensalza, M\u00fchlhausen, Sangerhausen, Bleicherode, Worbis, Querfurt, Leipzig, Dresde, Zittau, Arnstadt, Vente, Location, Administration, Courtier<\/h4>\t\t\t\t<\/div>\n\t\t\t\t<\/div>\n\t\t\t\t\t<\/div>\n\t\t<\/div>\n\t\t\t\t\t<\/div>\n\t\t<\/section>\n\t\t\t\t\t<\/div>\n\t\t<\/div>\n\t\t\t\t\t<\/div>\n\t\t<\/section>\n\t\t\t\t<\/div>","protected":false},"excerpt":{"rendered":"<p>Impressum &#8211; Immobilienverkauf in Th\u00fcringen Impressum Impressum:Angaben gem\u00e4\u00df \u00a7 5 TMG WEKEYS IMMOBILIENInh.: Alexandra BergnerSchillerstra\u00dfe 999625 K\u00f6lleda vertreten durch:Alexandra Bergner [&hellip;]<\/p>\n","protected":false},"author":1,"featured_media":3894,"parent":0,"menu_order":0,"comment_status":"closed","ping_status":"closed","template":"","meta":{"_uf_show_specific_survey":0,"_uf_disable_surveys":false,"site-sidebar-layout":"no-sidebar","site-content-layout":"","ast-site-content-layout":"full-width-container","site-content-style":"default","site-sidebar-style":"default","ast-global-header-display":"","ast-banner-title-visibility":"","ast-main-header-display":"","ast-hfb-above-header-display":"","ast-hfb-below-header-display":"","ast-hfb-mobile-header-display":"","site-post-title":"disabled","ast-breadcrumbs-content":"","ast-featured-img":"disabled","footer-sml-layout":"","ast-disable-related-posts":"","theme-transparent-header-meta":"","adv-header-id-meta":"","stick-header-meta":"","header-above-stick-meta":"","header-main-stick-meta":"","header-below-stick-meta":"","astra-migrate-meta-layouts":"default","ast-page-background-enabled":"default","ast-page-background-meta":{"desktop":{"background-color":"var(--ast-global-color-4)","background-image":"","background-repeat":"repeat","background-position":"center center","background-size":"auto","background-attachment":"scroll","background-type":"","background-media":"","overlay-type":"","overlay-color":"","overlay-opacity":"","overlay-gradient":""},"tablet":{"background-color":"","background-image":"","background-repeat":"repeat","background-position":"center center","background-size":"auto","background-attachment":"scroll","background-type":"","background-media":"","overlay-type":"","overlay-color":"","overlay-opacity":"","overlay-gradient":""},"mobile":{"background-color":"","background-image":"","background-repeat":"repeat","background-position":"center center","background-size":"auto","background-attachment":"scroll","background-type":"","background-media":"","overlay-type":"","overlay-color":"","overlay-opacity":"","overlay-gradient":""}},"ast-content-background-meta":{"desktop":{"background-color":"var(--ast-global-color-5)","background-image":"","background-repeat":"repeat","background-position":"center center","background-size":"auto","background-attachment":"scroll","background-type":"","background-media":"","overlay-type":"","overlay-color":"","overlay-opacity":"","overlay-gradient":""},"tablet":{"background-color":"var(--ast-global-color-5)","background-image":"","background-repeat":"repeat","background-position":"center center","background-size":"auto","background-attachment":"scroll","background-type":"","background-media":"","overlay-type":"","overlay-color":"","overlay-opacity":"","overlay-gradient":""},"mobile":{"background-color":"var(--ast-global-color-5)","background-image":"","background-repeat":"repeat","background-position":"center center","background-size":"auto","background-attachment":"scroll","background-type":"","background-media":"","overlay-type":"","overlay-color":"","overlay-opacity":"","overlay-gradient":""}},"footnotes":""},"class_list":["post-949","page","type-page","status-publish","has-post-thumbnail","hentry"],"aioseo_notices":[],"_links":{"self":[{"href":"https:\/\/wekeys.de\/fr\/wp-json\/wp\/v2\/pages\/949","targetHints":{"allow":["GET"]}}],"collection":[{"href":"https:\/\/wekeys.de\/fr\/wp-json\/wp\/v2\/pages"}],"about":[{"href":"https:\/\/wekeys.de\/fr\/wp-json\/wp\/v2\/types\/page"}],"author":[{"embeddable":true,"href":"https:\/\/wekeys.de\/fr\/wp-json\/wp\/v2\/users\/1"}],"replies":[{"embeddable":true,"href":"https:\/\/wekeys.de\/fr\/wp-json\/wp\/v2\/comments?post=949"}],"version-history":[{"count":24,"href":"https:\/\/wekeys.de\/fr\/wp-json\/wp\/v2\/pages\/949\/revisions"}],"predecessor-version":[{"id":7686,"href":"https:\/\/wekeys.de\/fr\/wp-json\/wp\/v2\/pages\/949\/revisions\/7686"}],"wp:featuredmedia":[{"embeddable":true,"href":"https:\/\/wekeys.de\/fr\/wp-json\/wp\/v2\/media\/3894"}],"wp:attachment":[{"href":"https:\/\/wekeys.de\/fr\/wp-json\/wp\/v2\/media?parent=949"}],"curies":[{"name":"wp","href":"https:\/\/api.w.org\/{rel}","templated":true}]}}