{"id":949,"date":"2024-04-29T12:46:06","date_gmt":"2024-04-29T12:46:06","guid":{"rendered":"https:\/\/wekeys.de\/?page_id=949"},"modified":"2026-03-05T09:44:53","modified_gmt":"2026-03-05T09:44:53","slug":"imprimir","status":"publish","type":"page","link":"https:\/\/wekeys.de\/es\/impressum\/","title":{"rendered":"Pie de imprenta I Venta de inmuebles sin estr\u00e9s: le acompa\u00f1amos personalmente"},"content":{"rendered":"<style>.elementor-949 .elementor-element.elementor-element-f6de6d5{padding:20px 0px 20px 0px;}.elementor-949 .elementor-element.elementor-element-b3a9a98 > .elementor-element-populated{padding:0px 0px 0px 0px;}.elementor-949 .elementor-element.elementor-element-2a84295{text-align:center;font-size:1px;color:var( --e-global-color-accent );}.elementor-949 .elementor-element.elementor-element-2a84295 > .elementor-widget-container{margin:0px 0px 0px 0px;padding:0px 0px 0px 0px;}.elementor-949 .elementor-element.elementor-element-0355100 > .elementor-container{max-width:1300px;}.elementor-949 .elementor-element.elementor-element-0355100{margin-top:0px;margin-bottom:0px;padding:0px 0px 0px 0px;}.elementor-949 .elementor-element.elementor-element-2217043 .elementor-heading-title{font-family:\"Montserrat\", Sans-serif;font-size:30px;font-weight:600;text-transform:none;color:#000000;}.elementor-949 .elementor-element.elementor-element-0cc7572{text-align:start;font-size:13px;color:#000000;}.elementor-949 .elementor-element.elementor-element-450e1be .elementor-heading-title{font-size:1px;color:#02010100;}.elementor-949 .elementor-element.elementor-element-ebe4a54 .elementor-heading-title{font-size:1px;color:#02010100;}.elementor-949 .elementor-element.elementor-element-f53fefc .elementor-heading-title{font-size:1px;color:#02010100;}.elementor-949 .elementor-element.elementor-element-6927e2c .elementor-heading-title{font-size:1px;color:#02010100;}:root{--page-title-display:none;}@media(max-width:1366px){.elementor-949 .elementor-element.elementor-element-f6de6d5{padding:100px 020px 100px 20px;}.elementor-949 .elementor-element.elementor-element-0033470 > .elementor-element-populated{padding:0px 0px 0px 0px;}.elementor-949 .elementor-element.elementor-element-2217043 .elementor-heading-title{font-size:25px;}}@media(max-width:1200px){.elementor-949 .elementor-element.elementor-element-f6de6d5{padding:10px 10px 10px 10px;}}@media(max-width:1023px){.elementor-949 .elementor-element.elementor-element-f6de6d5{padding:10px 20px 10px 20px;}.elementor-949 .elementor-element.elementor-element-0033470 > .elementor-element-populated{padding:0px 0px 0px 0px;}.elementor-949 .elementor-element.elementor-element-2217043 .elementor-heading-title{font-size:30px;}}@media(max-width:767px){.elementor-949 .elementor-element.elementor-element-f6de6d5{padding:15px 15px 15px 15px;}.elementor-949 .elementor-element.elementor-element-2217043 .elementor-heading-title{font-size:22px;}}@media(max-width:480px){.elementor-949 .elementor-element.elementor-element-2217043{text-align:start;}.elementor-949 .elementor-element.elementor-element-2217043 .elementor-heading-title{font-size:24px;}}<\/style>\t\t<div data-elementor-type=\"wp-page\" data-elementor-id=\"949\" class=\"elementor elementor-949\" data-elementor-post-type=\"page\">\n\t\t\t\t\t\t<section class=\"elementor-section elementor-top-section elementor-element elementor-element-f6de6d5 elementor-section-full_width elementor-section-height-default elementor-section-height-default\" data-id=\"f6de6d5\" data-element_type=\"section\" data-e-type=\"section\">\n\t\t\t\t\t\t<div class=\"elementor-container elementor-column-gap-default\">\n\t\t\t\t\t<div class=\"elementor-column elementor-col-100 elementor-top-column elementor-element elementor-element-b3a9a98\" data-id=\"b3a9a98\" data-element_type=\"column\" data-e-type=\"column\">\n\t\t\t<div class=\"elementor-widget-wrap elementor-element-populated\">\n\t\t\t\t\t\t<div class=\"elementor-element elementor-element-2a84295 elementor-widget elementor-widget-text-editor\" data-id=\"2a84295\" data-element_type=\"widget\" data-e-type=\"widget\" data-widget_type=\"text-editor.default\">\n\t\t\t\t<div class=\"elementor-widget-container\">\n\t\t\t\t\t\t\t\t\t<p>Pie de imprenta - Venta de inmuebles en Turingia<\/p>\t\t\t\t\t\t\t\t<\/div>\n\t\t\t\t<\/div>\n\t\t\t\t<section class=\"elementor-section elementor-inner-section elementor-element elementor-element-0355100 elementor-section-boxed elementor-section-height-default elementor-section-height-default\" data-id=\"0355100\" data-element_type=\"section\" data-e-type=\"section\">\n\t\t\t\t\t\t<div class=\"elementor-container elementor-column-gap-default\">\n\t\t\t\t\t<div class=\"elementor-column elementor-col-100 elementor-inner-column elementor-element elementor-element-0033470\" data-id=\"0033470\" data-element_type=\"column\" data-e-type=\"column\">\n\t\t\t<div class=\"elementor-widget-wrap elementor-element-populated\">\n\t\t\t\t\t\t<div class=\"elementor-element elementor-element-2217043 elementor-invisible elementor-widget elementor-widget-heading\" data-id=\"2217043\" data-element_type=\"widget\" data-e-type=\"widget\" data-settings=\"{&quot;_animation&quot;:&quot;fadeInUp&quot;,&quot;_animation_delay&quot;:300}\" data-widget_type=\"heading.default\">\n\t\t\t\t<div class=\"elementor-widget-container\">\n\t\t\t\t\t<h2 class=\"elementor-heading-title elementor-size-default\">Pie de imprenta<\/h2>\t\t\t\t<\/div>\n\t\t\t\t<\/div>\n\t\t\t\t<div class=\"elementor-element elementor-element-0cc7572 elementor-widget elementor-widget-text-editor\" data-id=\"0cc7572\" data-element_type=\"widget\" data-e-type=\"widget\" data-widget_type=\"text-editor.default\">\n\t\t\t\t<div class=\"elementor-widget-container\">\n\t\t\t\t\t\t\t\t\t<p><strong>Pie de imprenta:<\/strong><br \/>Informaci\u00f3n seg\u00fan \u00a7 5 TMG<\/p><p><strong><a href=\"https:\/\/wekeys.de\/es\/\">WEKEYS<\/a> INMOBILIARIO<\/strong><br \/>Propietario: Alexandra Bergner<br \/>Schillerstrasse 9<br \/>99625 K\u00f6lleda<\/p><p><strong>representada por:<\/strong><br \/>Alexandra Bergner<\/p><p><strong>Contacto:<\/strong><br \/>Tel\u00e9fono: 0361 - 34 94 790<br \/>Fax: 0361 - 34 94 79 79<br \/>Correo electr\u00f3nico: info@wekeys.de<\/p><p><strong>N\u00famero de identificaci\u00f3n fiscal conforme al art\u00edculo 27 a de la Ley del impuesto sobre el volumen de negocios:<\/strong><br \/>IVA ID: DE 300 609 587<\/p><p><strong>Autoridad de control:<\/strong><br \/>Oficina de Comercio del distrito de S\u00f6mmerda<\/p><p><strong>Otros:<\/strong><br \/>Todos los corredores que trabajan para nosotros tienen una licencia comercial de conformidad con el art\u00edculo 34c de la GewO.<\/p><p><strong>responsable del contenido seg\u00fan \u00a7 55 ABS. 2 RSTV:<\/strong><br \/>Alexandra Bergner<br \/>Schillerstrasse 9<br \/>99625 K\u00f6lleda<\/p><p><strong>Resoluci\u00f3n de litigios<\/strong><br \/>La Comisi\u00f3n Europea ofrece una plataforma para la resoluci\u00f3n de litigios en l\u00ednea (OS): https:\/\/ec.europa.eu\/consumers\/odr. Encontrar\u00e1 nuestra direcci\u00f3n de correo electr\u00f3nico en el aviso legal anterior. No estamos dispuestos ni obligados a participar en un procedimiento de resoluci\u00f3n de litigios ante una junta arbitral de consumo.<\/p><p><strong>Responsabilidad por los contenidos<\/strong><br \/>Como proveedor de servicios, somos responsables de nuestros propios contenidos en estas p\u00e1ginas de conformidad con el art\u00edculo 7 (1) de la TMG (Ley alemana de medios de telecomunicaci\u00f3n) y la legislaci\u00f3n general. Sin embargo, seg\u00fan los \u00a7\u00a7 8 a 10 de la TMG, como proveedor de servicios no estamos obligados a controlar la informaci\u00f3n ajena transmitida o almacenada ni a investigar circunstancias que indiquen una actividad ilegal. Esto no afecta a las obligaciones de eliminar o bloquear el uso de informaci\u00f3n de conformidad con la legislaci\u00f3n general. Sin embargo, la responsabilidad a este respecto s\u00f3lo es posible a partir del momento en que se tiene conocimiento de una infracci\u00f3n concreta. En cuanto tengamos conocimiento de tales infracciones, eliminaremos inmediatamente estos contenidos.<\/p><p><strong>Responsabilidad de los enlaces<\/strong><br \/>Nuestro sitio web contiene enlaces a sitios web externos de terceros sobre cuyo contenido no tenemos ninguna influencia. Por lo tanto, no podemos aceptar ninguna responsabilidad por este contenido de terceros. El respectivo proveedor u operador de las p\u00e1ginas es siempre responsable del contenido de las p\u00e1ginas enlazadas. Las p\u00e1ginas enlazadas fueron revisadas en el momento de enlazarlas para detectar posibles infracciones legales. En el momento de establecer el enlace no se detectaron contenidos ilegales. Sin embargo, no es razonable un control permanente de los contenidos de las p\u00e1ginas enlazadas sin pruebas concretas de una infracci\u00f3n. Si tenemos conocimiento de alguna infracci\u00f3n legal, eliminaremos dichos enlaces inmediatamente.<\/p><p><strong>Copyright<\/strong><br \/>Los contenidos y obras creados por los operadores del sitio en estas p\u00e1ginas est\u00e1n sujetos a la legislaci\u00f3n alemana sobre derechos de autor. La reproducci\u00f3n, el procesamiento, la distribuci\u00f3n y cualquier tipo de utilizaci\u00f3n fuera de los l\u00edmites de la ley de derechos de autor requieren el consentimiento por escrito del respectivo autor o creador. Las descargas y copias de este sitio s\u00f3lo est\u00e1n permitidas para uso privado y no comercial. En la medida en que el contenido de este sitio no haya sido creado por el operador, se respetan los derechos de autor de terceros. En particular, los contenidos de terceros est\u00e1n etiquetados como tales. No obstante, si tiene conocimiento de una infracci\u00f3n de los derechos de autor, le rogamos que nos lo comunique. Si tenemos conocimiento de alguna infracci\u00f3n, eliminaremos inmediatamente dicho contenido.<\/p><p><strong>Fuentes de las im\u00e1genes y gr\u00e1ficos utilizados:<\/strong><br \/><a href=\"https:\/\/elements.envato.com\/\">https:\/\/elements.envato.com\/<\/a><\/p>\t\t\t\t\t\t\t\t<\/div>\n\t\t\t\t<\/div>\n\t\t\t\t\t<\/div>\n\t\t<\/div>\n\t\t\t\t\t<\/div>\n\t\t<\/section>\n\t\t\t\t\t<\/div>\n\t\t<\/div>\n\t\t\t\t\t<\/div>\n\t\t<\/section>\n\t\t\t\t<section class=\"elementor-section elementor-top-section elementor-element elementor-element-0d1f55c elementor-section-boxed elementor-section-height-default elementor-section-height-default\" data-id=\"0d1f55c\" data-element_type=\"section\" data-e-type=\"section\">\n\t\t\t\t\t\t<div class=\"elementor-container elementor-column-gap-default\">\n\t\t\t\t\t<div class=\"elementor-column elementor-col-100 elementor-top-column elementor-element elementor-element-a1cf021\" data-id=\"a1cf021\" data-element_type=\"column\" data-e-type=\"column\">\n\t\t\t<div class=\"elementor-widget-wrap elementor-element-populated\">\n\t\t\t\t\t\t<section class=\"elementor-section elementor-inner-section elementor-element elementor-element-be0e842 elementor-section-boxed elementor-section-height-default elementor-section-height-default\" data-id=\"be0e842\" data-element_type=\"section\" data-e-type=\"section\">\n\t\t\t\t\t\t<div class=\"elementor-container elementor-column-gap-default\">\n\t\t\t\t\t<div class=\"elementor-column elementor-col-50 elementor-inner-column elementor-element elementor-element-0b3d662\" data-id=\"0b3d662\" data-element_type=\"column\" data-e-type=\"column\">\n\t\t\t<div class=\"elementor-widget-wrap elementor-element-populated\">\n\t\t\t\t\t\t<div class=\"elementor-element elementor-element-450e1be elementor-widget elementor-widget-heading\" data-id=\"450e1be\" data-element_type=\"widget\" data-e-type=\"widget\" data-widget_type=\"heading.default\">\n\t\t\t\t<div class=\"elementor-widget-container\">\n\t\t\t\t\t<h1 class=\"elementor-heading-title elementor-size-default\">Pie de imprenta - Agente inmobiliario<\/h1>\t\t\t\t<\/div>\n\t\t\t\t<\/div>\n\t\t\t\t<div class=\"elementor-element elementor-element-ebe4a54 elementor-widget elementor-widget-heading\" data-id=\"ebe4a54\" data-element_type=\"widget\" data-e-type=\"widget\" data-widget_type=\"heading.default\">\n\t\t\t\t<div class=\"elementor-widget-container\">\n\t\t\t\t\t<h2 class=\"elementor-heading-title elementor-size-default\">Empresa inmobiliaria, venta de inmuebles en Turingia, imprenta, alquiler de inmuebles, compra de casas, Turingia, Sajonia, Sajonia-Anhalt, Erfurt, agente inmobiliario, S\u00f6mmerda, K\u00f6lleda, venta de casas, alquiler de pisos, alquiler, gesti\u00f3n inmobiliaria, intermediaci\u00f3n inmobiliaria, Weimar, Jena, Nordhausen, Sondershausen, Eisenach, Schleiz, Saale-Orla-Kreis, Saalfeld, Saalfeld-Rudolstadt, Meiningen, Schmalkalden-Meiningen, Altenburg, Altenburger Land, Eichsfeld, Heiligenstadt, Gera, Gotha, Greiz, Hildburghausen, Arnstadt, Ilm-Kreis, Jena, Sondershausen, Kyffh\u00e4userkreis, Nordhausen, Eisenberg, Saale-Holzland-Kreis, Sonneberg, Suhl, Oberhof, Unstrut-Hainich-Kreis, Wartburgkreis, Bad Salzungen, Weimarer Land, Apolda, Wei\u00dfensee, Bad Langensalza, M\u00fchlhausen, Sangerhausen, Bleicherode, Worbis, Querfurt, Leipzig, Dresden, Zittau, Arnstadt, venta, alquiler, gesti\u00f3n, agente inmobiliario<\/h2>\t\t\t\t<\/div>\n\t\t\t\t<\/div>\n\t\t\t\t\t<\/div>\n\t\t<\/div>\n\t\t\t\t<div class=\"elementor-column elementor-col-50 elementor-inner-column elementor-element elementor-element-fda758a\" data-id=\"fda758a\" data-element_type=\"column\" data-e-type=\"column\">\n\t\t\t<div class=\"elementor-widget-wrap elementor-element-populated\">\n\t\t\t\t\t\t<div class=\"elementor-element elementor-element-f53fefc elementor-widget elementor-widget-heading\" data-id=\"f53fefc\" data-element_type=\"widget\" data-e-type=\"widget\" data-widget_type=\"heading.default\">\n\t\t\t\t<div class=\"elementor-widget-container\">\n\t\t\t\t\t<h3 class=\"elementor-heading-title elementor-size-default\">Empresa inmobiliaria, venta de inmuebles en Turingia, imprenta, alquiler de inmuebles, compra de casas, Turingia, Sajonia, Sajonia-Anhalt, Erfurt, agente inmobiliario, S\u00f6mmerda, K\u00f6lleda, venta de casas, alquiler de pisos, alquiler, gesti\u00f3n inmobiliaria, intermediaci\u00f3n inmobiliaria, Weimar, Jena, Nordhausen, Sondershausen, Eisenach, Schleiz, Saale-Orla-Kreis, Saalfeld, Saalfeld-Rudolstadt, Meiningen, Schmalkalden-Meiningen, Altenburg, Altenburger Land, Eichsfeld, Heiligenstadt, Gera, Gotha, Greiz, Hildburghausen, Arnstadt, Ilm-Kreis, Jena, Sondershausen, Kyffh\u00e4userkreis, Nordhausen, Eisenberg, Saale-Holzland-Kreis, Sonneberg, Suhl, Oberhof, Unstrut-Hainich-Kreis, Wartburgkreis, Bad Salzungen, Weimarer Land, Apolda, Wei\u00dfensee, Bad Langensalza, M\u00fchlhausen, Sangerhausen, Bleicherode, Worbis, Querfurt, Leipzig, Dresden, Zittau, Arnstadt, venta, alquiler, gesti\u00f3n, agente inmobiliario<\/h3>\t\t\t\t<\/div>\n\t\t\t\t<\/div>\n\t\t\t\t<div class=\"elementor-element elementor-element-6927e2c elementor-widget elementor-widget-heading\" data-id=\"6927e2c\" data-element_type=\"widget\" data-e-type=\"widget\" data-widget_type=\"heading.default\">\n\t\t\t\t<div class=\"elementor-widget-container\">\n\t\t\t\t\t<h4 class=\"elementor-heading-title elementor-size-default\">Empresa inmobiliaria, venta de inmuebles en Turingia, imprenta, alquiler de inmuebles, compra de casas, Turingia, Sajonia, Sajonia-Anhalt, Erfurt, agente inmobiliario, S\u00f6mmerda, K\u00f6lleda, venta de casas, alquiler de pisos, alquiler, gesti\u00f3n inmobiliaria, intermediaci\u00f3n inmobiliaria, Weimar, Jena, Nordhausen, Sondershausen, Eisenach, Schleiz, Saale-Orla-Kreis, Saalfeld, Saalfeld-Rudolstadt, Meiningen, Schmalkalden-Meiningen, Altenburg, Altenburger Land, Eichsfeld, Heiligenstadt, Gera, Gotha, Greiz, Hildburghausen, Arnstadt, Ilm-Kreis, Jena, Sondershausen, Kyffh\u00e4userkreis, Nordhausen, Eisenberg, Saale-Holzland-Kreis, Sonneberg, Suhl, Oberhof, Unstrut-Hainich-Kreis, Wartburgkreis, Bad Salzungen, Weimarer Land, Apolda, Wei\u00dfensee, Bad Langensalza, M\u00fchlhausen, Sangerhausen, Bleicherode, Worbis, Querfurt, Leipzig, Dresden, Zittau, Arnstadt, venta, alquiler, gesti\u00f3n, agente inmobiliario<\/h4>\t\t\t\t<\/div>\n\t\t\t\t<\/div>\n\t\t\t\t\t<\/div>\n\t\t<\/div>\n\t\t\t\t\t<\/div>\n\t\t<\/section>\n\t\t\t\t\t<\/div>\n\t\t<\/div>\n\t\t\t\t\t<\/div>\n\t\t<\/section>\n\t\t\t\t<\/div>","protected":false},"excerpt":{"rendered":"<p>Impressum &#8211; Immobilienverkauf in Th\u00fcringen Impressum Impressum:Angaben gem\u00e4\u00df \u00a7 5 TMG WEKEYS IMMOBILIENInh.: Alexandra BergnerSchillerstra\u00dfe 999625 K\u00f6lleda vertreten durch:Alexandra Bergner [&hellip;]<\/p>\n","protected":false},"author":1,"featured_media":3894,"parent":0,"menu_order":0,"comment_status":"closed","ping_status":"closed","template":"","meta":{"_uf_show_specific_survey":0,"_uf_disable_surveys":false,"site-sidebar-layout":"no-sidebar","site-content-layout":"","ast-site-content-layout":"full-width-container","site-content-style":"default","site-sidebar-style":"default","ast-global-header-display":"","ast-banner-title-visibility":"","ast-main-header-display":"","ast-hfb-above-header-display":"","ast-hfb-below-header-display":"","ast-hfb-mobile-header-display":"","site-post-title":"disabled","ast-breadcrumbs-content":"","ast-featured-img":"disabled","footer-sml-layout":"","ast-disable-related-posts":"","theme-transparent-header-meta":"","adv-header-id-meta":"","stick-header-meta":"","header-above-stick-meta":"","header-main-stick-meta":"","header-below-stick-meta":"","astra-migrate-meta-layouts":"default","ast-page-background-enabled":"default","ast-page-background-meta":{"desktop":{"background-color":"var(--ast-global-color-4)","background-image":"","background-repeat":"repeat","background-position":"center center","background-size":"auto","background-attachment":"scroll","background-type":"","background-media":"","overlay-type":"","overlay-color":"","overlay-opacity":"","overlay-gradient":""},"tablet":{"background-color":"","background-image":"","background-repeat":"repeat","background-position":"center center","background-size":"auto","background-attachment":"scroll","background-type":"","background-media":"","overlay-type":"","overlay-color":"","overlay-opacity":"","overlay-gradient":""},"mobile":{"background-color":"","background-image":"","background-repeat":"repeat","background-position":"center center","background-size":"auto","background-attachment":"scroll","background-type":"","background-media":"","overlay-type":"","overlay-color":"","overlay-opacity":"","overlay-gradient":""}},"ast-content-background-meta":{"desktop":{"background-color":"var(--ast-global-color-5)","background-image":"","background-repeat":"repeat","background-position":"center center","background-size":"auto","background-attachment":"scroll","background-type":"","background-media":"","overlay-type":"","overlay-color":"","overlay-opacity":"","overlay-gradient":""},"tablet":{"background-color":"var(--ast-global-color-5)","background-image":"","background-repeat":"repeat","background-position":"center center","background-size":"auto","background-attachment":"scroll","background-type":"","background-media":"","overlay-type":"","overlay-color":"","overlay-opacity":"","overlay-gradient":""},"mobile":{"background-color":"var(--ast-global-color-5)","background-image":"","background-repeat":"repeat","background-position":"center center","background-size":"auto","background-attachment":"scroll","background-type":"","background-media":"","overlay-type":"","overlay-color":"","overlay-opacity":"","overlay-gradient":""}},"footnotes":""},"class_list":["post-949","page","type-page","status-publish","has-post-thumbnail","hentry"],"aioseo_notices":[],"_links":{"self":[{"href":"https:\/\/wekeys.de\/es\/wp-json\/wp\/v2\/pages\/949","targetHints":{"allow":["GET"]}}],"collection":[{"href":"https:\/\/wekeys.de\/es\/wp-json\/wp\/v2\/pages"}],"about":[{"href":"https:\/\/wekeys.de\/es\/wp-json\/wp\/v2\/types\/page"}],"author":[{"embeddable":true,"href":"https:\/\/wekeys.de\/es\/wp-json\/wp\/v2\/users\/1"}],"replies":[{"embeddable":true,"href":"https:\/\/wekeys.de\/es\/wp-json\/wp\/v2\/comments?post=949"}],"version-history":[{"count":24,"href":"https:\/\/wekeys.de\/es\/wp-json\/wp\/v2\/pages\/949\/revisions"}],"predecessor-version":[{"id":7686,"href":"https:\/\/wekeys.de\/es\/wp-json\/wp\/v2\/pages\/949\/revisions\/7686"}],"wp:featuredmedia":[{"embeddable":true,"href":"https:\/\/wekeys.de\/es\/wp-json\/wp\/v2\/media\/3894"}],"wp:attachment":[{"href":"https:\/\/wekeys.de\/es\/wp-json\/wp\/v2\/media?parent=949"}],"curies":[{"name":"wp","href":"https:\/\/api.w.org\/{rel}","templated":true}]}}